{"id":8,"date":"2021-12-07T15:17:40","date_gmt":"2021-12-07T15:17:40","guid":{"rendered":"https:\/\/shgmexiquito.org.mx\/pruebas\/?page_id=8"},"modified":"2026-02-10T17:57:42","modified_gmt":"2026-02-10T17:57:42","slug":"nosotros","status":"publish","type":"page","link":"https:\/\/shgmexiquito.org.mx\/","title":{"rendered":"Nosotros"},"content":{"rendered":"\n<div class=\"wp-block-columns are-vertically-aligned-center is-layout-flex wp-container-core-columns-is-layout-9d6595d7 wp-block-columns-is-layout-flex\">\n<div class=\"wp-block-column is-vertically-aligned-center is-layout-flow wp-block-column-is-layout-flow\"><\/div>\n<\/div>\n\n\n\n<hr class=\"wp-block-separator has-alpha-channel-opacity\"\/>\n\n\n\n<div class=\"wp-block-columns is-layout-flex wp-container-core-columns-is-layout-9d6595d7 wp-block-columns-is-layout-flex\">\n<div class=\"wp-block-column is-layout-flow wp-block-column-is-layout-flow\">\n<p class=\"has-text-align-left has-text-color has-link-color has-normal-font-size wp-elements-76539e84aec9213b5079497b22c1a989\" style=\"color:#97c81e\"><strong>OBJETO SOCIAL O FIN COM\u00daN<\/strong><\/p>\n\n\n\n<p class=\"has-text-align-left has-normal-font-size\"><br>La asociaci\u00f3n tiene como fin com\u00fan; solidarizarse con la protecci\u00f3n y coadyuvancia al desarrollo, dignidad, estabilidad, orden y organizaci\u00f3n de las familias y personas que se encuentren en situaci\u00f3n de vulnerabilidad, preservando la dignidad de los ni\u00f1os, ni\u00f1as y adoescentes en situaci\u00f3n de vulnerabilidad, mediante acciones de cuidado, observancia y respeto al inter\u00e9s superior de los derechos de las ni\u00f1as, ni\u00f1os y adolescentes, encaminadas a satisfacer sus necesidades de alimentaci\u00f3n, salud, habitaci\u00f3n, educaci\u00f3n, desarrollo social y sano esparcimiento.<\/p>\n\n\n\n<p class=\"has-text-align-left has-normal-font-size\">La orientaci\u00f3n social, educaci\u00f3n o capacitaci\u00f3n para el trabajo a personas que se les compruebe que son de escasos recursos econ\u00f3micos.<\/p>\n<\/div>\n\n\n\n<div class=\"wp-block-column is-layout-flow wp-block-column-is-layout-flow\"><div class=\"wp-block-image\">\n<figure class=\"aligncenter size-full is-resized\"><img loading=\"lazy\" decoding=\"async\" width=\"432\" height=\"270\" src=\"https:\/\/shgmexiquito.org.mx\/pruebas\/wp-content\/uploads\/2021\/12\/NUESTROS_VALORES-edited.png\" alt=\"\" class=\"wp-image-66\" style=\"width:491px;height:307px\" srcset=\"https:\/\/shgmexiquito.org.mx\/wp-content\/uploads\/2021\/12\/NUESTROS_VALORES-edited.png 432w, https:\/\/shgmexiquito.org.mx\/wp-content\/uploads\/2021\/12\/NUESTROS_VALORES-edited-300x188.png 300w\" sizes=\"auto, (max-width: 432px) 100vw, 432px\" \/><\/figure>\n<\/div><\/div>\n<\/div>\n\n\n<div class=\"wp-block-image\">\n<figure class=\"aligncenter size-large is-resized\"><img loading=\"lazy\" decoding=\"async\" width=\"1024\" height=\"333\" src=\"https:\/\/shgmexiquito.org.mx\/pruebas\/wp-content\/uploads\/2021\/12\/IM_MEXIQUITO02-1024x333.jpg\" alt=\"\" class=\"wp-image-105\" style=\"width:1449px;height:471px\" srcset=\"https:\/\/shgmexiquito.org.mx\/wp-content\/uploads\/2021\/12\/IM_MEXIQUITO02-1024x333.jpg 1024w, https:\/\/shgmexiquito.org.mx\/wp-content\/uploads\/2021\/12\/IM_MEXIQUITO02-300x97.jpg 300w, https:\/\/shgmexiquito.org.mx\/wp-content\/uploads\/2021\/12\/IM_MEXIQUITO02-768x250.jpg 768w, https:\/\/shgmexiquito.org.mx\/wp-content\/uploads\/2021\/12\/IM_MEXIQUITO02-1536x499.jpg 1536w, https:\/\/shgmexiquito.org.mx\/wp-content\/uploads\/2021\/12\/IM_MEXIQUITO02.jpg 1982w\" sizes=\"auto, (max-width: 1024px) 100vw, 1024px\" \/><\/figure>\n<\/div>\n\n\n<div class=\"wp-block-columns is-layout-flex wp-container-core-columns-is-layout-9d6595d7 wp-block-columns-is-layout-flex\">\n<div class=\"wp-block-column is-layout-flow wp-block-column-is-layout-flow\">\n<p class=\"has-normal-font-size\"><span style=\"color:#3aaa35\" class=\"has-inline-color\"><strong>Misi\u00f3n<\/strong><\/span><br>Ser una instituci\u00f3n que brinde una educaci\u00f3n integral, ayuda y protecci\u00f3n a los menores desamparados y\/o de escasos recursos y a sus familias, mediante una s\u00f3lida formaci\u00f3n acad\u00e9mica, t\u00e9cnica y humana, para que sean personas productivas, y propositivas a la sociedad para lograr una sociedad m\u00e1s equitativa, solidaria y pr\u00f3spera.<\/p>\n<\/div>\n\n\n\n<div class=\"wp-block-column is-layout-flow wp-block-column-is-layout-flow\">\n<p class=\"has-normal-font-size\"><strong><span style=\"color:#1947ba\" class=\"has-inline-color\">Visi\u00f3n<\/span><\/strong><br>Ser una instituci\u00f3n fortalecida, profesionalizada y ampliamente sostenible, con un modelo de atenci\u00f3n replicable, que logre incidir en la restituci\u00f3n de los derechos de ni\u00f1as, ni\u00f1os y adolescentes, contribuyendo a su formaci\u00f3n como agentes de cambio y de calidad de vida de sus beneficiarios.<\/p>\n<\/div>\n<\/div>\n\n\n\n<div class=\"wp-block-columns are-vertically-aligned-center is-layout-flex wp-container-core-columns-is-layout-9d6595d7 wp-block-columns-is-layout-flex\">\n<div class=\"wp-block-column is-vertically-aligned-center is-layout-flow wp-block-column-is-layout-flow\"><div class=\"wp-block-image\">\n<figure class=\"aligncenter size-full\"><img loading=\"lazy\" decoding=\"async\" width=\"236\" height=\"236\" src=\"https:\/\/shgmexiquito.org.mx\/wp-content\/uploads\/2025\/10\/01.png\" alt=\"\" class=\"wp-image-285\" srcset=\"https:\/\/shgmexiquito.org.mx\/wp-content\/uploads\/2025\/10\/01.png 236w, https:\/\/shgmexiquito.org.mx\/wp-content\/uploads\/2025\/10\/01-150x150.png 150w, https:\/\/shgmexiquito.org.mx\/wp-content\/uploads\/2025\/10\/01-110x110.png 110w\" sizes=\"auto, (max-width: 236px) 100vw, 236px\" \/><\/figure>\n<\/div><\/div>\n\n\n\n<div class=\"wp-block-column is-vertically-aligned-center is-layout-flow wp-block-column-is-layout-flow\">\n<p class=\"has-text-align-center has-normal-font-size\"><strong>AMOR<\/strong><\/p>\n\n\n\n<p class=\"has-text-align-center has-normal-font-size\">Crear un ambiente familiar, de respeto, confianza y espontaneidad. Lo demostramos por medio de nuestra actitud, acci\u00f3n, la aceptaci\u00f3n, el cuidado oportuno, moderado y modesto, por medio de la ternura, afecto, cari\u00f1o, serenidad, cuidado, consideraci\u00f3n, estima, apoyo, correcci\u00f3n, que lleve a la seguridad, confianza en s\u00ed mismo y alegr\u00eda al saberse amados y aceptados.<\/p>\n<\/div>\n\n\n\n<div class=\"wp-block-column is-vertically-aligned-center is-layout-flow wp-block-column-is-layout-flow\"><div class=\"wp-block-image\">\n<figure class=\"aligncenter size-full\"><img loading=\"lazy\" decoding=\"async\" width=\"204\" height=\"203\" src=\"https:\/\/shgmexiquito.org.mx\/wp-content\/uploads\/2025\/10\/AMOR_1.png\" alt=\"\" class=\"wp-image-287\" srcset=\"https:\/\/shgmexiquito.org.mx\/wp-content\/uploads\/2025\/10\/AMOR_1.png 204w, https:\/\/shgmexiquito.org.mx\/wp-content\/uploads\/2025\/10\/AMOR_1-150x150.png 150w, https:\/\/shgmexiquito.org.mx\/wp-content\/uploads\/2025\/10\/AMOR_1-110x110.png 110w\" sizes=\"auto, (max-width: 204px) 100vw, 204px\" \/><\/figure>\n<\/div><\/div>\n<\/div>\n\n\n\n<div class=\"wp-block-columns are-vertically-aligned-center is-layout-flex wp-container-core-columns-is-layout-9d6595d7 wp-block-columns-is-layout-flex\">\n<div class=\"wp-block-column is-vertically-aligned-center is-layout-flow wp-block-column-is-layout-flow\"><div class=\"wp-block-image\">\n<figure class=\"aligncenter size-full\"><img loading=\"lazy\" decoding=\"async\" width=\"205\" height=\"205\" src=\"https:\/\/shgmexiquito.org.mx\/wp-content\/uploads\/2025\/10\/RESPETO_1.png\" alt=\"\" class=\"wp-image-298\" srcset=\"https:\/\/shgmexiquito.org.mx\/wp-content\/uploads\/2025\/10\/RESPETO_1.png 205w, https:\/\/shgmexiquito.org.mx\/wp-content\/uploads\/2025\/10\/RESPETO_1-150x150.png 150w, https:\/\/shgmexiquito.org.mx\/wp-content\/uploads\/2025\/10\/RESPETO_1-110x110.png 110w\" sizes=\"auto, (max-width: 205px) 100vw, 205px\" \/><\/figure>\n<\/div><\/div>\n\n\n\n<div class=\"wp-block-column is-vertically-aligned-center is-layout-flow wp-block-column-is-layout-flow\">\n<p class=\"has-text-align-center has-normal-font-size\"><strong>RESPETO<\/strong><\/p>\n\n\n\n<p class=\"has-text-align-center has-normal-font-size\">Aceptamos a los dem\u00e1s tal como son y sin juzgarlos, teniendo presente la dignidad de la persona, como ser \u00fanico e irrepetible, creado a imagen de Dios, con inteligencia, voluntad, libertad y capacidad de amar; as\u00ed como sus derechos seg\u00fan su condici\u00f3n y circunstancia.<\/p>\n<\/div>\n\n\n\n<div class=\"wp-block-column is-vertically-aligned-center is-layout-flow wp-block-column-is-layout-flow\"><div class=\"wp-block-image\">\n<figure class=\"aligncenter size-full\"><img loading=\"lazy\" decoding=\"async\" width=\"240\" height=\"238\" src=\"https:\/\/shgmexiquito.org.mx\/wp-content\/uploads\/2025\/10\/02.png\" alt=\"\" class=\"wp-image-299\" srcset=\"https:\/\/shgmexiquito.org.mx\/wp-content\/uploads\/2025\/10\/02.png 240w, https:\/\/shgmexiquito.org.mx\/wp-content\/uploads\/2025\/10\/02-150x150.png 150w, https:\/\/shgmexiquito.org.mx\/wp-content\/uploads\/2025\/10\/02-110x110.png 110w\" sizes=\"auto, (max-width: 240px) 100vw, 240px\" \/><\/figure>\n<\/div><\/div>\n<\/div>\n\n\n\n<div class=\"wp-block-columns are-vertically-aligned-center is-layout-flex wp-container-core-columns-is-layout-9d6595d7 wp-block-columns-is-layout-flex\">\n<div class=\"wp-block-column is-vertically-aligned-center is-layout-flow wp-block-column-is-layout-flow\"><div class=\"wp-block-image\">\n<figure class=\"aligncenter size-full\"><img loading=\"lazy\" decoding=\"async\" width=\"240\" height=\"236\" src=\"https:\/\/shgmexiquito.org.mx\/wp-content\/uploads\/2025\/10\/03.png\" alt=\"\" class=\"wp-image-301\"\/><\/figure>\n<\/div><\/div>\n\n\n\n<div class=\"wp-block-column is-vertically-aligned-center is-layout-flow wp-block-column-is-layout-flow\">\n<p class=\"has-text-align-center has-normal-font-size\"><strong>BONDAD<\/strong><\/p>\n\n\n\n<p class=\"has-text-align-center has-normal-font-size\">Es la actitud de responder y actuar haciendo el bien y tratar a todas las personas, en todo momento, de la manera m\u00e1s afable, amable y afectuosa.<\/p>\n<\/div>\n\n\n\n<div class=\"wp-block-column is-vertically-aligned-center is-layout-flow wp-block-column-is-layout-flow\"><div class=\"wp-block-image\">\n<figure class=\"aligncenter size-full\"><img loading=\"lazy\" decoding=\"async\" width=\"205\" height=\"205\" src=\"https:\/\/shgmexiquito.org.mx\/wp-content\/uploads\/2025\/10\/BONDAD_1.png\" alt=\"\" class=\"wp-image-302\" srcset=\"https:\/\/shgmexiquito.org.mx\/wp-content\/uploads\/2025\/10\/BONDAD_1.png 205w, https:\/\/shgmexiquito.org.mx\/wp-content\/uploads\/2025\/10\/BONDAD_1-150x150.png 150w, https:\/\/shgmexiquito.org.mx\/wp-content\/uploads\/2025\/10\/BONDAD_1-110x110.png 110w\" sizes=\"auto, (max-width: 205px) 100vw, 205px\" \/><\/figure>\n<\/div><\/div>\n<\/div>\n\n\n\n<div class=\"wp-block-columns are-vertically-aligned-center is-layout-flex wp-container-core-columns-is-layout-9d6595d7 wp-block-columns-is-layout-flex\">\n<div class=\"wp-block-column is-vertically-aligned-center is-layout-flow wp-block-column-is-layout-flow\"><div class=\"wp-block-image\">\n<figure class=\"aligncenter size-full\"><img loading=\"lazy\" decoding=\"async\" width=\"204\" height=\"204\" src=\"https:\/\/shgmexiquito.org.mx\/wp-content\/uploads\/2025\/10\/HONESTIDAD_1.png\" alt=\"\" class=\"wp-image-308\" srcset=\"https:\/\/shgmexiquito.org.mx\/wp-content\/uploads\/2025\/10\/HONESTIDAD_1.png 204w, https:\/\/shgmexiquito.org.mx\/wp-content\/uploads\/2025\/10\/HONESTIDAD_1-150x150.png 150w, https:\/\/shgmexiquito.org.mx\/wp-content\/uploads\/2025\/10\/HONESTIDAD_1-110x110.png 110w\" sizes=\"auto, (max-width: 204px) 100vw, 204px\" \/><\/figure>\n<\/div><\/div>\n\n\n\n<div class=\"wp-block-column is-vertically-aligned-center is-layout-flow wp-block-column-is-layout-flow\">\n<p class=\"has-text-align-center has-normal-font-size\"><strong>HONESTIDAD<\/strong><\/p>\n\n\n\n<p class=\"has-text-align-center has-normal-font-size\">Es comportarse y expresarse con coherencia y sinceridad, es el respeto a la verdad en relaci\u00f3n con el mundo, los hechos y las personas.<\/p>\n<\/div>\n\n\n\n<div class=\"wp-block-column is-vertically-aligned-center is-layout-flow wp-block-column-is-layout-flow\"><div class=\"wp-block-image\">\n<figure class=\"aligncenter size-full\"><img loading=\"lazy\" decoding=\"async\" width=\"240\" height=\"237\" src=\"https:\/\/shgmexiquito.org.mx\/wp-content\/uploads\/2025\/10\/04.png\" alt=\"\" class=\"wp-image-309\" srcset=\"https:\/\/shgmexiquito.org.mx\/wp-content\/uploads\/2025\/10\/04.png 240w, https:\/\/shgmexiquito.org.mx\/wp-content\/uploads\/2025\/10\/04-110x110.png 110w\" sizes=\"auto, (max-width: 240px) 100vw, 240px\" \/><\/figure>\n<\/div><\/div>\n<\/div>\n\n\n\n<div class=\"wp-block-columns are-vertically-aligned-center is-layout-flex wp-container-core-columns-is-layout-9d6595d7 wp-block-columns-is-layout-flex\">\n<div class=\"wp-block-column is-vertically-aligned-center is-layout-flow wp-block-column-is-layout-flow\"><div class=\"wp-block-image\">\n<figure class=\"aligncenter size-full\"><img loading=\"lazy\" decoding=\"async\" width=\"241\" height=\"237\" src=\"https:\/\/shgmexiquito.org.mx\/wp-content\/uploads\/2025\/10\/05.png\" alt=\"\" class=\"wp-image-312\"\/><\/figure>\n<\/div><\/div>\n\n\n\n<div class=\"wp-block-column is-vertically-aligned-center is-layout-flow wp-block-column-is-layout-flow\">\n<p class=\"has-text-align-center has-normal-font-size\"><strong>RESPONSABILIDAD<\/strong><\/p>\n\n\n\n<p class=\"has-text-align-center has-normal-font-size\">Cumplir con diligencia y eficacia aquello que le ha sido confiado: un trabajo, una tarea, una misi\u00f3n. Es responsable quien sabe lo que tiene que hacer y con prontitud y diligencia lo pone por obra.<\/p>\n<\/div>\n\n\n\n<div class=\"wp-block-column is-vertically-aligned-center is-layout-flow wp-block-column-is-layout-flow\"><div class=\"wp-block-image\">\n<figure class=\"aligncenter size-full\"><img loading=\"lazy\" decoding=\"async\" width=\"205\" height=\"205\" src=\"https:\/\/shgmexiquito.org.mx\/wp-content\/uploads\/2025\/10\/RESPONSABILIDAD_1.png\" alt=\"\" class=\"wp-image-315\" srcset=\"https:\/\/shgmexiquito.org.mx\/wp-content\/uploads\/2025\/10\/RESPONSABILIDAD_1.png 205w, https:\/\/shgmexiquito.org.mx\/wp-content\/uploads\/2025\/10\/RESPONSABILIDAD_1-150x150.png 150w, https:\/\/shgmexiquito.org.mx\/wp-content\/uploads\/2025\/10\/RESPONSABILIDAD_1-110x110.png 110w\" sizes=\"auto, (max-width: 205px) 100vw, 205px\" \/><\/figure>\n<\/div><\/div>\n<\/div>\n\n\n\n<div class=\"wp-block-columns are-vertically-aligned-center is-layout-flex wp-container-core-columns-is-layout-9d6595d7 wp-block-columns-is-layout-flex\">\n<div class=\"wp-block-column is-vertically-aligned-center is-layout-flow wp-block-column-is-layout-flow\"><div class=\"wp-block-image\">\n<figure class=\"aligncenter size-full is-resized\"><img loading=\"lazy\" decoding=\"async\" width=\"204\" height=\"205\" src=\"https:\/\/shgmexiquito.org.mx\/wp-content\/uploads\/2025\/10\/TOLERANCIA_1.png\" alt=\"\" class=\"wp-image-316\" style=\"width:206px;height:auto\" srcset=\"https:\/\/shgmexiquito.org.mx\/wp-content\/uploads\/2025\/10\/TOLERANCIA_1.png 204w, https:\/\/shgmexiquito.org.mx\/wp-content\/uploads\/2025\/10\/TOLERANCIA_1-150x150.png 150w, https:\/\/shgmexiquito.org.mx\/wp-content\/uploads\/2025\/10\/TOLERANCIA_1-110x110.png 110w\" sizes=\"auto, (max-width: 204px) 100vw, 204px\" \/><\/figure>\n<\/div><\/div>\n\n\n\n<div class=\"wp-block-column is-vertically-aligned-center is-layout-flow wp-block-column-is-layout-flow\">\n<p class=\"has-text-align-center has-normal-font-size\"><strong>TOLERANCIA<\/strong><\/p>\n\n\n\n<p class=\"has-text-align-center has-normal-font-size\"> Actitud de la persona que respeta las opiniones, ideas y creencias, costumbres y actitudes de las dem\u00e1s personas aunque no coincidan con las propias.<\/p>\n<\/div>\n\n\n\n<div class=\"wp-block-column is-vertically-aligned-center is-layout-flow wp-block-column-is-layout-flow\"><div class=\"wp-block-image\">\n<figure class=\"aligncenter size-full\"><img loading=\"lazy\" decoding=\"async\" width=\"239\" height=\"237\" src=\"https:\/\/shgmexiquito.org.mx\/wp-content\/uploads\/2025\/10\/06.png\" alt=\"\" class=\"wp-image-317\" srcset=\"https:\/\/shgmexiquito.org.mx\/wp-content\/uploads\/2025\/10\/06.png 239w, https:\/\/shgmexiquito.org.mx\/wp-content\/uploads\/2025\/10\/06-150x150.png 150w, https:\/\/shgmexiquito.org.mx\/wp-content\/uploads\/2025\/10\/06-110x110.png 110w\" sizes=\"auto, (max-width: 239px) 100vw, 239px\" \/><\/figure>\n<\/div><\/div>\n<\/div>\n\n\n\n<div class=\"wp-block-columns are-vertically-aligned-center is-layout-flex wp-container-core-columns-is-layout-9d6595d7 wp-block-columns-is-layout-flex\">\n<div class=\"wp-block-column is-vertically-aligned-center is-layout-flow wp-block-column-is-layout-flow\"><div class=\"wp-block-image\">\n<figure class=\"aligncenter size-full\"><img loading=\"lazy\" decoding=\"async\" width=\"241\" height=\"238\" src=\"https:\/\/shgmexiquito.org.mx\/wp-content\/uploads\/2025\/10\/07.png\" alt=\"\" class=\"wp-image-318\" srcset=\"https:\/\/shgmexiquito.org.mx\/wp-content\/uploads\/2025\/10\/07.png 241w, https:\/\/shgmexiquito.org.mx\/wp-content\/uploads\/2025\/10\/07-110x110.png 110w\" sizes=\"auto, (max-width: 241px) 100vw, 241px\" \/><\/figure>\n<\/div><\/div>\n\n\n\n<div class=\"wp-block-column is-vertically-aligned-center is-layout-flow wp-block-column-is-layout-flow\">\n<p class=\"has-text-align-center has-normal-font-size\"><strong>COMPASI\u00d3N<\/strong><\/p>\n\n\n\n<p class=\"has-text-align-center has-normal-font-size\">Es la capacidad que tienen las personas para conectarse con lo que el otro individuo est\u00e1 experimentando. Expresada con una actitud compasiva, amorosa, cari\u00f1osa, tierna de actuar y prestar ayuda ante las necesidades.<\/p>\n<\/div>\n\n\n\n<div class=\"wp-block-column is-vertically-aligned-center is-layout-flow wp-block-column-is-layout-flow\"><div class=\"wp-block-image\">\n<figure class=\"aligncenter size-full\"><img loading=\"lazy\" decoding=\"async\" width=\"205\" height=\"204\" src=\"https:\/\/shgmexiquito.org.mx\/wp-content\/uploads\/2025\/10\/COMPACION_1.png\" alt=\"\" class=\"wp-image-319\" srcset=\"https:\/\/shgmexiquito.org.mx\/wp-content\/uploads\/2025\/10\/COMPACION_1.png 205w, https:\/\/shgmexiquito.org.mx\/wp-content\/uploads\/2025\/10\/COMPACION_1-150x150.png 150w, https:\/\/shgmexiquito.org.mx\/wp-content\/uploads\/2025\/10\/COMPACION_1-110x110.png 110w\" sizes=\"auto, (max-width: 205px) 100vw, 205px\" \/><\/figure>\n<\/div><\/div>\n<\/div>\n","protected":false},"excerpt":{"rendered":"<p>OBJETO SOCIAL O FIN COM\u00daN La asociaci\u00f3n tiene como fin com\u00fan; solidarizarse con la protecci\u00f3n y coadyuvancia al desarrollo, dignidad, &hellip; <a href=\"https:\/\/shgmexiquito.org.mx\/\" class=\"more-link\"><span class=\"more-button\">Seguir leyendo<span class=\"screen-reader-text\">Nosotros<\/span><\/span><\/a><\/p>\n","protected":false},"author":1,"featured_media":0,"parent":0,"menu_order":0,"comment_status":"closed","ping_status":"closed","template":"","meta":{"footnotes":""},"class_list":["post-8","page","type-page","status-publish","hentry"],"_links":{"self":[{"href":"https:\/\/shgmexiquito.org.mx\/index.php\/wp-json\/wp\/v2\/pages\/8","targetHints":{"allow":["GET"]}}],"collection":[{"href":"https:\/\/shgmexiquito.org.mx\/index.php\/wp-json\/wp\/v2\/pages"}],"about":[{"href":"https:\/\/shgmexiquito.org.mx\/index.php\/wp-json\/wp\/v2\/types\/page"}],"author":[{"embeddable":true,"href":"https:\/\/shgmexiquito.org.mx\/index.php\/wp-json\/wp\/v2\/users\/1"}],"replies":[{"embeddable":true,"href":"https:\/\/shgmexiquito.org.mx\/index.php\/wp-json\/wp\/v2\/comments?post=8"}],"version-history":[{"count":54,"href":"https:\/\/shgmexiquito.org.mx\/index.php\/wp-json\/wp\/v2\/pages\/8\/revisions"}],"predecessor-version":[{"id":449,"href":"https:\/\/shgmexiquito.org.mx\/index.php\/wp-json\/wp\/v2\/pages\/8\/revisions\/449"}],"wp:attachment":[{"href":"https:\/\/shgmexiquito.org.mx\/index.php\/wp-json\/wp\/v2\/media?parent=8"}],"curies":[{"name":"wp","href":"https:\/\/api.w.org\/{rel}","templated":true}]}}