{"id":385,"date":"2026-01-05T19:29:59","date_gmt":"2026-01-05T19:29:59","guid":{"rendered":"https:\/\/shgmexiquito.org.mx\/?page_id=385"},"modified":"2026-01-05T19:49:14","modified_gmt":"2026-01-05T19:49:14","slug":"modelo-de-atencion","status":"publish","type":"page","link":"https:\/\/shgmexiquito.org.mx\/index.php\/modelo-de-atencion\/","title":{"rendered":"Modelo de Atenci\u00f3n"},"content":{"rendered":"\n<p>El Enfoque de Acci\u00f3n, est\u00e1 basado principalmente en el respeto de los Derechos de los Ni\u00f1os y Adolescentes, procurando que la calidad y calidez de nuestro Modelo de Atenci\u00f3n que proporcionamos involucre respuestas eficaces y pertinentes.<\/p>\n\n\n\n<p><\/p>\n\n\n<div class=\"wp-block-image\">\n<figure class=\"aligncenter size-large\"><img loading=\"lazy\" decoding=\"async\" width=\"960\" height=\"720\" src=\"https:\/\/shgmexiquito.org.mx\/wp-content\/uploads\/2026\/01\/MODELO01-1-edited.jpg\" alt=\"\" class=\"wp-image-388\" srcset=\"https:\/\/shgmexiquito.org.mx\/wp-content\/uploads\/2026\/01\/MODELO01-1-edited.jpg 960w, https:\/\/shgmexiquito.org.mx\/wp-content\/uploads\/2026\/01\/MODELO01-1-edited-300x225.jpg 300w, https:\/\/shgmexiquito.org.mx\/wp-content\/uploads\/2026\/01\/MODELO01-1-edited-768x576.jpg 768w, https:\/\/shgmexiquito.org.mx\/wp-content\/uploads\/2026\/01\/MODELO01-1-edited-440x330.jpg 440w, https:\/\/shgmexiquito.org.mx\/wp-content\/uploads\/2026\/01\/MODELO01-1-edited-730x547.jpg 730w\" sizes=\"auto, (max-width: 960px) 100vw, 960px\" \/><\/figure>\n<\/div>\n\n\n<p><\/p>\n\n\n\n<p><\/p>\n","protected":false},"excerpt":{"rendered":"<p>El Enfoque de Acci\u00f3n, est\u00e1 basado principalmente en el respeto de los Derechos de los Ni\u00f1os y Adolescentes, procurando que &hellip; <a href=\"https:\/\/shgmexiquito.org.mx\/index.php\/modelo-de-atencion\/\" class=\"more-link\"><span class=\"more-button\">Seguir leyendo<span class=\"screen-reader-text\">Modelo de Atenci\u00f3n<\/span><\/span><\/a><\/p>\n","protected":false},"author":1,"featured_media":0,"parent":0,"menu_order":0,"comment_status":"closed","ping_status":"closed","template":"","meta":{"footnotes":""},"class_list":["post-385","page","type-page","status-publish","hentry"],"_links":{"self":[{"href":"https:\/\/shgmexiquito.org.mx\/index.php\/wp-json\/wp\/v2\/pages\/385","targetHints":{"allow":["GET"]}}],"collection":[{"href":"https:\/\/shgmexiquito.org.mx\/index.php\/wp-json\/wp\/v2\/pages"}],"about":[{"href":"https:\/\/shgmexiquito.org.mx\/index.php\/wp-json\/wp\/v2\/types\/page"}],"author":[{"embeddable":true,"href":"https:\/\/shgmexiquito.org.mx\/index.php\/wp-json\/wp\/v2\/users\/1"}],"replies":[{"embeddable":true,"href":"https:\/\/shgmexiquito.org.mx\/index.php\/wp-json\/wp\/v2\/comments?post=385"}],"version-history":[{"count":5,"href":"https:\/\/shgmexiquito.org.mx\/index.php\/wp-json\/wp\/v2\/pages\/385\/revisions"}],"predecessor-version":[{"id":409,"href":"https:\/\/shgmexiquito.org.mx\/index.php\/wp-json\/wp\/v2\/pages\/385\/revisions\/409"}],"wp:attachment":[{"href":"https:\/\/shgmexiquito.org.mx\/index.php\/wp-json\/wp\/v2\/media?parent=385"}],"curies":[{"name":"wp","href":"https:\/\/api.w.org\/{rel}","templated":true}]}}