{"id":261,"date":"2025-10-23T23:47:03","date_gmt":"2025-10-23T23:47:03","guid":{"rendered":"https:\/\/shgmexiquito.org.mx\/?page_id=261"},"modified":"2026-02-10T15:43:57","modified_gmt":"2026-02-10T15:43:57","slug":"voluntariado","status":"publish","type":"page","link":"https:\/\/shgmexiquito.org.mx\/index.php\/voluntariado\/","title":{"rendered":"Voluntariado"},"content":{"rendered":"\n<div class=\"wp-block-group is-vertical is-layout-flex wp-container-core-group-is-layout-8cf370e7 wp-block-group-is-layout-flex\">\n<p><strong>\u00a1EL VOLUNTARIADO ES EL MOTOR DE NUESTRA ESPERANZA!<\/strong><\/p>\n\n\n\n<p><strong>\u00danete a la Familia de \u201cCasa Hogar Mexiquito\u201d<\/strong><\/p>\n\n\n\n<p>En Casa Hogar Mexiquito, sabemos que la generosidad no solo se mide en donativos, sino en el tiempo, talento y amor que nuestra comunidad nos regala a trav\u00e9s del voluntariado.<\/p>\n<\/div>\n\n\n\n<div class=\"wp-block-group is-vertical is-layout-flex wp-container-core-group-is-layout-8cf370e7 wp-block-group-is-layout-flex\">\n<p><strong>\u00bfCu\u00e1l es la finalidad del voluntariado en Mexiquito?<\/strong><\/p>\n\n\n\n<p>Nuestros voluntarios son pilares fundamentales que nos permiten ir m\u00e1s all\u00e1 del cuidado b\u00e1sico. Su principal objetivo es enriquecer el desarrollo integral de cada ni\u00f1o y adolecente, brind\u00e1ndoles modelos positivos y experiencias de aprendizaje \u00fanicas.<\/p>\n<\/div>\n\n\n\n<div class=\"wp-block-group is-vertical is-layout-flex wp-container-core-group-is-layout-8cf370e7 wp-block-group-is-layout-flex\">\n<p><strong>Lo que recibimos de nuestros voluntarios:<\/strong><\/p>\n\n\n\n<p>\u2705 Crecimiento Continuo: El voluntariado impulsa la expansi\u00f3n y mejora de nuestros programas de desarrollo, permitiendo que la Casa Hogar siga creciendo.<\/p>\n\n\n\n<p>\u2705 Apoyo Directo: Manos y mentes que se suman a la ense\u00f1anza y al cuidado diario.<\/p>\n\n\n\n<p><a>\u2705<\/a> Uni\u00f3n y Valores: Demostraciones tangibles de solidaridad, servicio y empat\u00eda para nuestros ni\u00f1os.<\/p>\n\n\n\n<p><\/p>\n<\/div>\n\n\n\n<div class=\"wp-block-group is-vertical is-layout-flex wp-container-core-group-is-layout-8cf370e7 wp-block-group-is-layout-flex\">\n<div class=\"wp-block-group is-vertical is-layout-flex wp-container-core-group-is-layout-8cf370e7 wp-block-group-is-layout-flex\">\n<p><strong>SENSIBILIZACI\u00d3N Y COMPROMISO SOCIAL.<\/strong><\/p>\n\n\n\n<p><strong>SERVICIO SOCIAL<\/strong><\/p>\n\n\n\n<p>El Servicio Social convierte a los estudiantes en ciudadanos m\u00e1s conscientes y emp\u00e1ticos, enfrent\u00e1ndolos a realidades sociales complejas y motiv\u00e1ndolos a ser agentes de cambio.<\/p>\n\n\n\n<p>El Servicio Social no es solo un requisito acad\u00e9mico para los estudiantes, sino una alianza estrat\u00e9gica que inyecta recursos humanos, energ\u00eda joven y nuevas perspectivas a la labor de \u201cCasa Hogar Mexiquito\u201d.<\/p>\n\n\n\n<p><\/p>\n<\/div>\n\n\n\n<p><strong>Si eres alumno, maestro o directivo de una Universidad o Preparatoria y deseas sumar tu energ\u00eda a esta noble causa, \u00a1cont\u00e1ctanos! Juntos, podemos seguir construyendo un futuro lleno de oportunidades para los ni\u00f1os de Casa Hogar Mexiquito.<\/strong><\/p>\n<\/div>\n\n\n\n<div class=\"wp-block-group is-vertical is-layout-flex wp-container-core-group-is-layout-8cf370e7 wp-block-group-is-layout-flex\">\n<p>Sus estudiantes ya forman parte de nuestras actividades cotidianas, colaborando en \u00e1reas clave como:<\/p>\n\n\n\n<p>\ud83d\udcda Programas de Apoyo en Tareas y Refuerzo Acad\u00e9mico.<\/p>\n\n\n\n<p>\ud83c\udfa8 Talleres de Formaci\u00f3n y actividades l\u00fadicas.<\/p>\n\n\n\n<p>\ud83e\udded Talleres de Valores que fortalecen su crecimiento personal.<\/p>\n\n\n\n<p>\ud83d\udd28 Habilitaci\u00f3n y Mantenimiento de \u00c1reas de juego y estudio.<\/p>\n\n\n\n<p><strong>\ud83c\udf1f<\/strong><strong> \u00a1GRACIAS A NUESTRAS UNIVERSIDADES Y PREPARATORIAS ALIADAS! <\/strong><strong>\ud83c\udf1f<\/strong><\/p>\n\n\n\n<p><\/p>\n\n\n\n<p>Queremos agradecer de manera especial a las Escuelas de Nivel Medio Superior y Nivel Superior de San Miguel de Allende que, junto a sus alumnos, se est\u00e1n sumando activamente a esta noble labor.<\/p>\n\n\n\n<p><a>\u2705<\/a> Universidad Tecnol\u00f3gica de San Miguel de Allende (UTSMA)<\/p>\n\n\n\n<p>\u2705Universidad de L\u00e9on (UDL)<\/p>\n\n\n\n<p>\u2705Instituto Sanmiguelense<\/p>\n\n\n\n<p>\u2705Instituto Mojica<\/p>\n\n\n\n<p>\u2705Escuela Preparatoria \u201cEl Pipila\u201d<\/p>\n\n\n\n<p>\u2705Centro de Estudios Tecnol\u00f3gicos en Aguas Continentales (CETAC 15)<\/p>\n\n\n\n<p>\u2705Centro de Estudios Cient\u00edficos y Tecnol\u00f3gicos de Estado de Guanajuato (CECYTEG)<\/p>\n\n\n\n<p>\u2705BLYTH Academy<\/p>\n\n\n\n<p>\u2705Centro de Bachillerato Tecnol\u00f3gico Industrial y de Servicios No. 60 (CBTIS No. 60)<\/p>\n\n\n\n<p class=\"has-text-align-center has-text-color has-link-color wp-elements-ea602f95a25b77144431dda49f99146f\" style=\"color:#2cb9ff\"><strong>\u00abUn Coraz\u00f3n Voluntario es un Futuro Multiplicado\u00bb<\/strong><\/p>\n<\/div>\n\n\n\n<p class=\"has-large-font-size\">Programa Maestro de Desarrollo Anual 2026<\/p>\n\n\n<div class=\"wp-block-image\">\n<figure class=\"aligncenter size-large\"><img loading=\"lazy\" decoding=\"async\" width=\"1024\" height=\"576\" src=\"https:\/\/shgmexiquito.org.mx\/wp-content\/uploads\/2026\/02\/1-PROGRAMA-MAESTRO-DE-DESARROLLO-ANUAL-2026.jpg-1-1024x576.jpeg\" alt=\"\" class=\"wp-image-444\" srcset=\"https:\/\/shgmexiquito.org.mx\/wp-content\/uploads\/2026\/02\/1-PROGRAMA-MAESTRO-DE-DESARROLLO-ANUAL-2026.jpg-1-1024x576.jpeg 1024w, https:\/\/shgmexiquito.org.mx\/wp-content\/uploads\/2026\/02\/1-PROGRAMA-MAESTRO-DE-DESARROLLO-ANUAL-2026.jpg-1-300x169.jpeg 300w, https:\/\/shgmexiquito.org.mx\/wp-content\/uploads\/2026\/02\/1-PROGRAMA-MAESTRO-DE-DESARROLLO-ANUAL-2026.jpg-1-768x432.jpeg 768w, https:\/\/shgmexiquito.org.mx\/wp-content\/uploads\/2026\/02\/1-PROGRAMA-MAESTRO-DE-DESARROLLO-ANUAL-2026.jpg-1-1536x864.jpeg 1536w, https:\/\/shgmexiquito.org.mx\/wp-content\/uploads\/2026\/02\/1-PROGRAMA-MAESTRO-DE-DESARROLLO-ANUAL-2026.jpg-1-920x518.jpeg 920w, https:\/\/shgmexiquito.org.mx\/wp-content\/uploads\/2026\/02\/1-PROGRAMA-MAESTRO-DE-DESARROLLO-ANUAL-2026.jpg-1.jpeg 1920w\" sizes=\"auto, (max-width: 1024px) 100vw, 1024px\" \/><\/figure>\n<\/div>\n\n<div class=\"wp-block-image\">\n<figure class=\"aligncenter size-large\"><img loading=\"lazy\" decoding=\"async\" width=\"1024\" height=\"576\" src=\"https:\/\/shgmexiquito.org.mx\/wp-content\/uploads\/2026\/02\/1-STRATEGIC-VOLUNTEER-PARTNERSHIP-PROGRAM-2026.jpg-1-1024x576.jpeg\" alt=\"\" class=\"wp-image-445\" srcset=\"https:\/\/shgmexiquito.org.mx\/wp-content\/uploads\/2026\/02\/1-STRATEGIC-VOLUNTEER-PARTNERSHIP-PROGRAM-2026.jpg-1-1024x576.jpeg 1024w, https:\/\/shgmexiquito.org.mx\/wp-content\/uploads\/2026\/02\/1-STRATEGIC-VOLUNTEER-PARTNERSHIP-PROGRAM-2026.jpg-1-300x169.jpeg 300w, https:\/\/shgmexiquito.org.mx\/wp-content\/uploads\/2026\/02\/1-STRATEGIC-VOLUNTEER-PARTNERSHIP-PROGRAM-2026.jpg-1-768x432.jpeg 768w, https:\/\/shgmexiquito.org.mx\/wp-content\/uploads\/2026\/02\/1-STRATEGIC-VOLUNTEER-PARTNERSHIP-PROGRAM-2026.jpg-1-1536x864.jpeg 1536w, https:\/\/shgmexiquito.org.mx\/wp-content\/uploads\/2026\/02\/1-STRATEGIC-VOLUNTEER-PARTNERSHIP-PROGRAM-2026.jpg-1-920x518.jpeg 920w, https:\/\/shgmexiquito.org.mx\/wp-content\/uploads\/2026\/02\/1-STRATEGIC-VOLUNTEER-PARTNERSHIP-PROGRAM-2026.jpg-1.jpeg 1920w\" sizes=\"auto, (max-width: 1024px) 100vw, 1024px\" \/><\/figure>\n<\/div>","protected":false},"excerpt":{"rendered":"<p>\u00a1EL VOLUNTARIADO ES EL MOTOR DE NUESTRA ESPERANZA! \u00danete a la Familia de \u201cCasa Hogar Mexiquito\u201d En Casa Hogar Mexiquito, &hellip; <a href=\"https:\/\/shgmexiquito.org.mx\/index.php\/voluntariado\/\" class=\"more-link\"><span class=\"more-button\">Seguir leyendo<span class=\"screen-reader-text\">Voluntariado<\/span><\/span><\/a><\/p>\n","protected":false},"author":1,"featured_media":0,"parent":0,"menu_order":0,"comment_status":"closed","ping_status":"closed","template":"","meta":{"footnotes":""},"class_list":["post-261","page","type-page","status-publish","hentry"],"_links":{"self":[{"href":"https:\/\/shgmexiquito.org.mx\/index.php\/wp-json\/wp\/v2\/pages\/261","targetHints":{"allow":["GET"]}}],"collection":[{"href":"https:\/\/shgmexiquito.org.mx\/index.php\/wp-json\/wp\/v2\/pages"}],"about":[{"href":"https:\/\/shgmexiquito.org.mx\/index.php\/wp-json\/wp\/v2\/types\/page"}],"author":[{"embeddable":true,"href":"https:\/\/shgmexiquito.org.mx\/index.php\/wp-json\/wp\/v2\/users\/1"}],"replies":[{"embeddable":true,"href":"https:\/\/shgmexiquito.org.mx\/index.php\/wp-json\/wp\/v2\/comments?post=261"}],"version-history":[{"count":6,"href":"https:\/\/shgmexiquito.org.mx\/index.php\/wp-json\/wp\/v2\/pages\/261\/revisions"}],"predecessor-version":[{"id":446,"href":"https:\/\/shgmexiquito.org.mx\/index.php\/wp-json\/wp\/v2\/pages\/261\/revisions\/446"}],"wp:attachment":[{"href":"https:\/\/shgmexiquito.org.mx\/index.php\/wp-json\/wp\/v2\/media?parent=261"}],"curies":[{"name":"wp","href":"https:\/\/api.w.org\/{rel}","templated":true}]}}