{"id":14,"date":"2021-12-07T15:18:30","date_gmt":"2021-12-07T15:18:30","guid":{"rendered":"https:\/\/shgmexiquito.org.mx\/pruebas\/?page_id=14"},"modified":"2026-01-05T19:07:24","modified_gmt":"2026-01-05T19:07:24","slug":"acogimiento-recidencial","status":"publish","type":"page","link":"https:\/\/shgmexiquito.org.mx\/index.php\/acogimiento-recidencial\/","title":{"rendered":"Acogimiento residencial"},"content":{"rendered":"\n<div class=\"wp-block-columns is-layout-flex wp-container-core-columns-is-layout-9d6595d7 wp-block-columns-is-layout-flex\">\n<div class=\"wp-block-column is-layout-flow wp-block-column-is-layout-flow\">\n<figure class=\"wp-block-image size-full\"><img loading=\"lazy\" decoding=\"async\" width=\"993\" height=\"913\" src=\"https:\/\/shgmexiquito.org.mx\/pruebas\/wp-content\/uploads\/2021\/12\/ACOGIMIENTO-RECIDENCIAL.png\" alt=\"\" class=\"wp-image-83\" srcset=\"https:\/\/shgmexiquito.org.mx\/wp-content\/uploads\/2021\/12\/ACOGIMIENTO-RECIDENCIAL.png 993w, https:\/\/shgmexiquito.org.mx\/wp-content\/uploads\/2021\/12\/ACOGIMIENTO-RECIDENCIAL-300x276.png 300w, https:\/\/shgmexiquito.org.mx\/wp-content\/uploads\/2021\/12\/ACOGIMIENTO-RECIDENCIAL-768x706.png 768w\" sizes=\"auto, (max-width: 993px) 100vw, 993px\" \/><\/figure>\n<\/div>\n\n\n\n<div class=\"wp-block-column is-layout-flow wp-block-column-is-layout-flow\">\n<p><strong><span style=\"color:#1947ba\" class=\"has-inline-color\">Tipo de Acogimiento<\/span><\/strong><br><\/p>\n\n\n\n<p>Atenci\u00f3n integral a Ni\u00f1os y Adolescentes (sexo biol\u00f3gico masculino), canalizados por las diferentes Instituciones Gubernamentales. Su ingreso se realiza desde los 2 a\u00f1os de edad hasta los 14 a\u00f1os con 11 meses) y para su permanencia en el CAS al cumplir su mayor\u00eda de edad.<\/p>\n<\/div>\n<\/div>\n\n\n\n<p class=\"has-text-color has-link-color wp-elements-3c54f15af5147d470458e9c3865606e7\" style=\"color:#12ae07\"><strong>Categor\u00eda de Admisi\u00f3n<\/strong><\/p>\n\n\n\n<p>La admisi\u00f3n de los menores estar\u00e1 constituida por ni\u00f1os y adolescentes que presenten:<\/p>\n\n\n\n<ol class=\"wp-block-list\">\n<li>&nbsp;Problem\u00e1ticas familiares que imposibiliten el cuidado del menor y cualquier otra circunstancia que haya generado la separaci\u00f3n de su ambiente familiar de manera temporal o definitiva.<\/li>\n\n\n\n<li>&nbsp;Que se encuentren sin cuidado familiares o parentales.<\/li>\n\n\n\n<li>&nbsp;Que hayan sido objeto de negligencia.<\/li>\n\n\n\n<li>&nbsp;Abandono u orfandad.<\/li>\n\n\n\n<li>Trata de personas.<\/li>\n\n\n\n<li>Desnutrici\u00f3n cr\u00f3nica-aguda.<\/li>\n\n\n\n<li>Maltrato en cualquiera de sus formas o cualquier situaci\u00f3n especial que afecte su desarrollo.<\/li>\n<\/ol>\n","protected":false},"excerpt":{"rendered":"<p>Tipo de Acogimiento Atenci\u00f3n integral a Ni\u00f1os y Adolescentes (sexo biol\u00f3gico masculino), canalizados por las diferentes Instituciones Gubernamentales. Su ingreso &hellip; <a href=\"https:\/\/shgmexiquito.org.mx\/index.php\/acogimiento-recidencial\/\" class=\"more-link\"><span class=\"more-button\">Seguir leyendo<span class=\"screen-reader-text\">Acogimiento residencial<\/span><\/span><\/a><\/p>\n","protected":false},"author":1,"featured_media":0,"parent":0,"menu_order":0,"comment_status":"closed","ping_status":"closed","template":"","meta":{"footnotes":""},"class_list":["post-14","page","type-page","status-publish","hentry"],"_links":{"self":[{"href":"https:\/\/shgmexiquito.org.mx\/index.php\/wp-json\/wp\/v2\/pages\/14","targetHints":{"allow":["GET"]}}],"collection":[{"href":"https:\/\/shgmexiquito.org.mx\/index.php\/wp-json\/wp\/v2\/pages"}],"about":[{"href":"https:\/\/shgmexiquito.org.mx\/index.php\/wp-json\/wp\/v2\/types\/page"}],"author":[{"embeddable":true,"href":"https:\/\/shgmexiquito.org.mx\/index.php\/wp-json\/wp\/v2\/users\/1"}],"replies":[{"embeddable":true,"href":"https:\/\/shgmexiquito.org.mx\/index.php\/wp-json\/wp\/v2\/comments?post=14"}],"version-history":[{"count":8,"href":"https:\/\/shgmexiquito.org.mx\/index.php\/wp-json\/wp\/v2\/pages\/14\/revisions"}],"predecessor-version":[{"id":380,"href":"https:\/\/shgmexiquito.org.mx\/index.php\/wp-json\/wp\/v2\/pages\/14\/revisions\/380"}],"wp:attachment":[{"href":"https:\/\/shgmexiquito.org.mx\/index.php\/wp-json\/wp\/v2\/media?parent=14"}],"curies":[{"name":"wp","href":"https:\/\/api.w.org\/{rel}","templated":true}]}}