{"id":11,"date":"2021-12-07T15:17:54","date_gmt":"2021-12-07T15:17:54","guid":{"rendered":"https:\/\/shgmexiquito.org.mx\/pruebas\/?page_id=11"},"modified":"2026-02-10T19:00:29","modified_gmt":"2026-02-10T19:00:29","slug":"historia","status":"publish","type":"page","link":"https:\/\/shgmexiquito.org.mx\/index.php\/historia\/","title":{"rendered":"Historia"},"content":{"rendered":"\n<figure class=\"wp-block-image size-full is-resized\"><img loading=\"lazy\" decoding=\"async\" width=\"940\" height=\"198\" src=\"https:\/\/shgmexiquito.org.mx\/pruebas\/wp-content\/uploads\/2021\/12\/Cabecera_historia.jpg\" alt=\"\" class=\"wp-image-73\" style=\"width:1408px;height:297px\" srcset=\"https:\/\/shgmexiquito.org.mx\/wp-content\/uploads\/2021\/12\/Cabecera_historia.jpg 940w, https:\/\/shgmexiquito.org.mx\/wp-content\/uploads\/2021\/12\/Cabecera_historia-300x63.jpg 300w, https:\/\/shgmexiquito.org.mx\/wp-content\/uploads\/2021\/12\/Cabecera_historia-768x162.jpg 768w\" sizes=\"auto, (max-width: 940px) 100vw, 940px\" \/><\/figure>\n\n\n\n<div class=\"wp-block-columns is-layout-flex wp-container-core-columns-is-layout-9d6595d7 wp-block-columns-is-layout-flex\">\n<div class=\"wp-block-column is-layout-flow wp-block-column-is-layout-flow\">\n<p><strong><span style=\"color:#3aaa35\" class=\"has-inline-color\">Nuestra historia<\/span><\/strong><br>La Congregaci\u00f3n de Hermanas Dominicas de Mar\u00eda, fundada el 8 de septiembre 1948 por la Madre Mar\u00eda Almaguer Soto, en Atotonilco,&nbsp;Gto.<br><strong>Nuestro carisma.&nbsp;<\/strong> Servir a la iglesia en cooperaci\u00f3n a la predicaci\u00f3n del evangelio, para la santificaci\u00f3n y salvaci\u00f3n de todos los hombres.<br>Nuestra espiritualidad se expresa en el amor manifestado en la entrega obediente a la voluntad Divina, mediante una vida de Oraci\u00f3n y generosidad en el Servicio, con solicitud, silencio, alegr\u00eda y humildad, a ejemplo de la Sant\u00edsima Virgen Mar\u00eda.<\/p>\n<\/div>\n\n\n\n<div class=\"wp-block-column is-layout-flow wp-block-column-is-layout-flow\">\n<p>Nuestra vida apost\u00f3lica se arraiga en el evangelio, la vida de la Iglesia y la tradici\u00f3n de las Hermanas Dominicas de Mar\u00eda, y as\u00ed participamos en la misi\u00f3n prof\u00e9tica y redentora de Jes\u00fas, llevando a todos su mensaje de Compasi\u00f3n, Verdad, Justicia y Amor.<\/p>\n\n\n\n<p>Nuestros apostolados los realizamos en centros de misi\u00f3n, predicaci\u00f3n y catequesis, santuarios marianos, casa de&nbsp;&nbsp; ejercicios espirituales, orfanatos y casas hogar, seminarios, casa formaci\u00f3n religiosos.&nbsp; As\u00ed como Asistencia Social, Enfermer\u00eda, Contabilidad, M\u00fasica y Canto. Actualmente, desarrollamos nuestra misi\u00f3n en&nbsp;&nbsp; San Miguel de Allende, Gto, San Juan de los Lagos, Jal.&nbsp; Le\u00f3n, Gto. Chiapas, Sahuayo, Michoac\u00e1n.&nbsp; Ciudad de M\u00e9xico, Guadalajara, Jal.&nbsp; Florida, EUA, Roma, Italia.<\/p>\n<\/div>\n<\/div>\n\n\n\n<div class=\"wp-block-media-text is-stacked-on-mobile\" style=\"grid-template-columns:37% auto\"><figure class=\"wp-block-media-text__media\"><img loading=\"lazy\" decoding=\"async\" width=\"901\" height=\"929\" src=\"https:\/\/shgmexiquito.org.mx\/wp-content\/uploads\/2025\/10\/PADRE.jpg\" alt=\"\" class=\"wp-image-225 size-full\" srcset=\"https:\/\/shgmexiquito.org.mx\/wp-content\/uploads\/2025\/10\/PADRE.jpg 901w, https:\/\/shgmexiquito.org.mx\/wp-content\/uploads\/2025\/10\/PADRE-291x300.jpg 291w, https:\/\/shgmexiquito.org.mx\/wp-content\/uploads\/2025\/10\/PADRE-768x792.jpg 768w\" sizes=\"auto, (max-width: 901px) 100vw, 901px\" \/><\/figure><div class=\"wp-block-media-text__content\">\n<p class=\"has-normal-font-size\"><strong>AL INICIO<\/strong><\/p>\n\n\n\n<p class=\"has-normal-font-size\">La Casa Hogar Don Bosco, A.C. inicio el 18 de febrero de 1959, en San Miguel de Allende, Gto. Atendiendo a ni\u00f1as y ni\u00f1os conjuntamente, con domicilio en calle Diez&nbsp; de Sollano y D\u00e1valos.<\/p>\n<\/div><\/div>\n\n\n\n<div class=\"wp-block-media-text has-media-on-the-right is-stacked-on-mobile\"><div class=\"wp-block-media-text__content\">\n<p class=\"has-normal-font-size\"><strong>1960<\/strong><\/p>\n\n\n\n<p class=\"has-normal-font-size\">Se fund\u00f3 la Casa Hogar porque en esos d\u00edas se encontraban los menores abandonados y desprotegidos, as\u00ed como ni\u00f1os muertos tirados en arroyos, no hab\u00eda en la ciudad ninguna instituci\u00f3n que se ocupara del cuidado de ellos. As\u00ed, es como nace el asilo de San Juan Bosco, siendo entonces cura de la parroquia de San Miguel Arc\u00e1ngel, Monse\u00f1or Jos\u00e9 Mercadillo Miranda. El cual solicit\u00f3 a las Hermanas Dominicanas de Mar\u00eda de Atotonilco Gto, ellas se hicieron cargo de esa obra.<\/p>\n<\/div><figure class=\"wp-block-media-text__media\"><img loading=\"lazy\" decoding=\"async\" width=\"1024\" height=\"619\" src=\"https:\/\/shgmexiquito.org.mx\/wp-content\/uploads\/2025\/10\/PWM01-1024x619.jpg\" alt=\"\" class=\"wp-image-232 size-full\" srcset=\"https:\/\/shgmexiquito.org.mx\/wp-content\/uploads\/2025\/10\/PWM01-1024x619.jpg 1024w, https:\/\/shgmexiquito.org.mx\/wp-content\/uploads\/2025\/10\/PWM01-300x181.jpg 300w, https:\/\/shgmexiquito.org.mx\/wp-content\/uploads\/2025\/10\/PWM01-768x464.jpg 768w, https:\/\/shgmexiquito.org.mx\/wp-content\/uploads\/2025\/10\/PWM01.jpg 1489w\" sizes=\"auto, (max-width: 1024px) 100vw, 1024px\" \/><\/figure><\/div>\n\n\n\n<div class=\"wp-block-media-text is-stacked-on-mobile\" style=\"grid-template-columns:37% auto\"><figure class=\"wp-block-media-text__media\"><img loading=\"lazy\" decoding=\"async\" width=\"300\" height=\"188\" src=\"https:\/\/shgmexiquito.org.mx\/wp-content\/uploads\/2025\/10\/patio.jpg\" alt=\"\" class=\"wp-image-226 size-full\"\/><\/figure><div class=\"wp-block-media-text__content\">\n<p class=\"has-normal-font-size\">En los a\u00f1os de 1960 seg\u00fan relatos de personas que conocieron y trabajaron con el Padre Jos\u00e9 Guadalupe Mojica, se construy\u00f3 en las instalaciones de la Exhacienda de \u201cMexiquito\u201d la Casa Hogar, actualmente Santuario Hogar Guadalupano, para los ni\u00f1os de escasos recursos.<\/p>\n<\/div><\/div>\n\n\n\n<div class=\"wp-block-media-text has-media-on-the-right is-stacked-on-mobile\"><div class=\"wp-block-media-text__content\">\n<p class=\"has-normal-font-size\"><strong>1967<\/strong><\/p>\n\n\n\n<p class=\"has-normal-font-size\">Se constituye el 8 de mayo de 1967 el Santuario Hogar Guadalupano, A.C. conocido como \u201cCasa Hogar Mexiquito\u201d.<\/p>\n<\/div><figure class=\"wp-block-media-text__media\"><img loading=\"lazy\" decoding=\"async\" width=\"1024\" height=\"574\" src=\"https:\/\/shgmexiquito.org.mx\/wp-content\/uploads\/2025\/10\/PWM05-1024x574.jpg\" alt=\"\" class=\"wp-image-231 size-full\" srcset=\"https:\/\/shgmexiquito.org.mx\/wp-content\/uploads\/2025\/10\/PWM05-1024x574.jpg 1024w, https:\/\/shgmexiquito.org.mx\/wp-content\/uploads\/2025\/10\/PWM05-300x168.jpg 300w, https:\/\/shgmexiquito.org.mx\/wp-content\/uploads\/2025\/10\/PWM05-768x431.jpg 768w, https:\/\/shgmexiquito.org.mx\/wp-content\/uploads\/2025\/10\/PWM05.jpg 1280w\" sizes=\"auto, (max-width: 1024px) 100vw, 1024px\" \/><\/figure><\/div>\n\n\n\n<div class=\"wp-block-media-text is-stacked-on-mobile\"><figure class=\"wp-block-media-text__media\"><img loading=\"lazy\" decoding=\"async\" width=\"960\" height=\"720\" src=\"https:\/\/shgmexiquito.org.mx\/wp-content\/uploads\/2025\/10\/VIRGEN-MEXIQUITO.jpg\" alt=\"\" class=\"wp-image-228 size-full\" srcset=\"https:\/\/shgmexiquito.org.mx\/wp-content\/uploads\/2025\/10\/VIRGEN-MEXIQUITO.jpg 960w, https:\/\/shgmexiquito.org.mx\/wp-content\/uploads\/2025\/10\/VIRGEN-MEXIQUITO-300x225.jpg 300w, https:\/\/shgmexiquito.org.mx\/wp-content\/uploads\/2025\/10\/VIRGEN-MEXIQUITO-768x576.jpg 768w, https:\/\/shgmexiquito.org.mx\/wp-content\/uploads\/2025\/10\/VIRGEN-MEXIQUITO-440x330.jpg 440w, https:\/\/shgmexiquito.org.mx\/wp-content\/uploads\/2025\/10\/VIRGEN-MEXIQUITO-730x547.jpg 730w\" sizes=\"auto, (max-width: 960px) 100vw, 960px\" \/><\/figure><div class=\"wp-block-media-text__content\">\n<p class=\"has-normal-font-size\">1970<\/p>\n\n\n\n<p class=\"has-normal-font-size\">Aproximadamente en el a\u00f1o 1970, el padre Fray Guadalupe Mojica se enferma de gangrena en un pie y la orden de frailes menores lo recogen y lo llevan a Lima Per\u00fa, all\u00e1 el 20 de septiembre de 1974, parte hacia la patria celestial quedando abandonada la construcci\u00f3n.<\/p>\n<\/div><\/div>\n\n\n\n<div class=\"wp-block-media-text has-media-on-the-right is-stacked-on-mobile\" style=\"grid-template-columns:auto 35%\"><div class=\"wp-block-media-text__content\">\n<p class=\"has-normal-font-size\">1978<\/p>\n\n\n\n<p class=\"has-normal-font-size\">Por solicitud de varias personas de la ciudad que hab\u00edan participado en la obra y por medio del Sr. Cura de la Parroquia de San Miguel de Allende realiza solicitud a la Casa Hogar Don Bosco, atendida por las Hermanas Dominicas de Mar\u00eda, A.R. acordaron trasladar los ni\u00f1os (varones) a Mexiquito.<\/p>\n<\/div><figure class=\"wp-block-media-text__media\"><img loading=\"lazy\" decoding=\"async\" width=\"768\" height=\"1024\" src=\"https:\/\/shgmexiquito.org.mx\/wp-content\/uploads\/2025\/10\/ALTAR-DE-LA-VIRGEN-768x1024.jpg\" alt=\"\" class=\"wp-image-229 size-full\" srcset=\"https:\/\/shgmexiquito.org.mx\/wp-content\/uploads\/2025\/10\/ALTAR-DE-LA-VIRGEN-768x1024.jpg 768w, https:\/\/shgmexiquito.org.mx\/wp-content\/uploads\/2025\/10\/ALTAR-DE-LA-VIRGEN-225x300.jpg 225w, https:\/\/shgmexiquito.org.mx\/wp-content\/uploads\/2025\/10\/ALTAR-DE-LA-VIRGEN-1152x1536.jpg 1152w, https:\/\/shgmexiquito.org.mx\/wp-content\/uploads\/2025\/10\/ALTAR-DE-LA-VIRGEN.jpg 1200w\" sizes=\"auto, (max-width: 768px) 100vw, 768px\" \/><\/figure><\/div>\n\n\n\n<p><\/p>\n\n\n\n<div class=\"wp-block-media-text is-stacked-on-mobile\"><figure class=\"wp-block-media-text__media\"><img loading=\"lazy\" decoding=\"async\" width=\"1024\" height=\"649\" src=\"https:\/\/shgmexiquito.org.mx\/wp-content\/uploads\/2025\/10\/MX21-1-1024x649.jpg\" alt=\"\" class=\"wp-image-230 size-full\" srcset=\"https:\/\/shgmexiquito.org.mx\/wp-content\/uploads\/2025\/10\/MX21-1-1024x649.jpg 1024w, https:\/\/shgmexiquito.org.mx\/wp-content\/uploads\/2025\/10\/MX21-1-300x190.jpg 300w, https:\/\/shgmexiquito.org.mx\/wp-content\/uploads\/2025\/10\/MX21-1-768x486.jpg 768w, https:\/\/shgmexiquito.org.mx\/wp-content\/uploads\/2025\/10\/MX21-1.jpg 1421w\" sizes=\"auto, (max-width: 1024px) 100vw, 1024px\" \/><\/figure><div class=\"wp-block-media-text__content\">\n<p class=\"has-normal-font-size\">HOY<\/p>\n\n\n\n<p class=\"has-normal-font-size\">Nuestra definici\u00f3n nace del principio de su fundador \u201cAmar, proteger y ofrecer un hogar a sus amados ni\u00f1os\u201d.<\/p>\n\n\n\n<p class=\"has-normal-font-size\">Ser una Casa&nbsp;Hogar, con la misi\u00f3n de&nbsp;brindar educaci\u00f3n integral de ayuda y protecci\u00f3n a ni\u00f1os desamparados y\/o de escasos recursos.<\/p>\n<\/div><\/div>\n","protected":false},"excerpt":{"rendered":"<p>Nuestra historiaLa Congregaci\u00f3n de Hermanas Dominicas de Mar\u00eda, fundada el 8 de septiembre 1948 por la Madre Mar\u00eda Almaguer Soto, &hellip; <a href=\"https:\/\/shgmexiquito.org.mx\/index.php\/historia\/\" class=\"more-link\"><span class=\"more-button\">Seguir leyendo<span class=\"screen-reader-text\">Historia<\/span><\/span><\/a><\/p>\n","protected":false},"author":1,"featured_media":0,"parent":0,"menu_order":0,"comment_status":"closed","ping_status":"closed","template":"","meta":{"footnotes":""},"class_list":["post-11","page","type-page","status-publish","hentry"],"_links":{"self":[{"href":"https:\/\/shgmexiquito.org.mx\/index.php\/wp-json\/wp\/v2\/pages\/11","targetHints":{"allow":["GET"]}}],"collection":[{"href":"https:\/\/shgmexiquito.org.mx\/index.php\/wp-json\/wp\/v2\/pages"}],"about":[{"href":"https:\/\/shgmexiquito.org.mx\/index.php\/wp-json\/wp\/v2\/types\/page"}],"author":[{"embeddable":true,"href":"https:\/\/shgmexiquito.org.mx\/index.php\/wp-json\/wp\/v2\/users\/1"}],"replies":[{"embeddable":true,"href":"https:\/\/shgmexiquito.org.mx\/index.php\/wp-json\/wp\/v2\/comments?post=11"}],"version-history":[{"count":24,"href":"https:\/\/shgmexiquito.org.mx\/index.php\/wp-json\/wp\/v2\/pages\/11\/revisions"}],"predecessor-version":[{"id":456,"href":"https:\/\/shgmexiquito.org.mx\/index.php\/wp-json\/wp\/v2\/pages\/11\/revisions\/456"}],"wp:attachment":[{"href":"https:\/\/shgmexiquito.org.mx\/index.php\/wp-json\/wp\/v2\/media?parent=11"}],"curies":[{"name":"wp","href":"https:\/\/api.w.org\/{rel}","templated":true}]}}